{"id":2231,"date":"2021-01-30T12:27:51","date_gmt":"2021-01-30T12:27:51","guid":{"rendered":"https:\/\/corporacionmatrix.net\/?page_id=2231"},"modified":"2021-09-14T22:14:52","modified_gmt":"2021-09-14T22:14:52","slug":"nuestros-clientes","status":"publish","type":"page","link":"https:\/\/corporacionmatrix.net\/?page_id=2231","title":{"rendered":"Nuestros Clientes"},"content":{"rendered":"<p>\u00a0<\/p>\n<h2>Portfolio<\/h2>\n<p>Nuestra Mejor Recomendaci\u00f3n &amp; respaldo a Nuestro Trabajo es la Satisfacci\u00f3n de Nuestros Clientes. Nuestros m\u00e1s de 20 A\u00f1os de Experiencia en el Mercado Digital &amp; Virtual, son Nuestra Mayor Garant\u00eda. Su Proyecto esta en Buenas<br \/>Manos de los Mejores Profesionales listos para Brindarle un Excelente Servicio y Soporte en todo momento que usted lo necesite.<\/p>\n<p>\u00a0<\/p>\n<p>\u00a0<\/p>\n<p><img decoding=\"async\" src=\"https:\/\/corporacionmatrix.net\/wp-content\/uploads\/2021\/01\/Finansol.jpg\" \/><\/p>\n<p>\u00a0<\/p>\n<p>\u00a0<\/p>\n<h4>Finansol Inversiones<\/h4>\n<p>\u00a0<\/p>\n<p>\u00a0<\/p>\n<p><img decoding=\"async\" src=\"https:\/\/corporacionmatrix.net\/wp-content\/uploads\/2021\/01\/FullGrafik.jpg\" \/><\/p>\n<p>\u00a0<\/p>\n<p>\u00a0<\/p>\n<h4>Full Grafi-k<\/h4>\n<p>\u00a0<\/p>\n<p>\u00a0<\/p>\n<p><img decoding=\"async\" src=\"https:\/\/corporacionmatrix.net\/wp-content\/uploads\/2021\/01\/Flor-de-Loto.jpg\" \/><\/p>\n<p>\u00a0<\/p>\n<p>\u00a0<\/p>\n<h4>Flor de Loto Psicolog\u00eda<\/h4>\n<p>\u00a0<\/p>\n<p>\u00a0<\/p>\n<p><img decoding=\"async\" src=\"https:\/\/corporacionmatrix.net\/wp-content\/uploads\/2021\/01\/Plawash.jpg\" \/>Plawash<\/p>\n<p>\u00a0<\/p>\n<p>\u00a0<\/p>\n<p>\u00a0<\/p>\n<p><img decoding=\"async\" src=\"https:\/\/corporacionmatrix.net\/wp-content\/uploads\/2021\/01\/Nexwall.jpg\" \/><\/p>\n<h4 style=\"display: inline !important;\">Grupo\u00a0Nexwall<\/h4>\n<p>\u00a0<\/p>\n<p>\u00a0<\/p>\n<p><img decoding=\"async\" src=\"https:\/\/corporacionmatrix.net\/wp-content\/uploads\/2021\/01\/Academia-MIT.jpg\" \/><\/p>\n<p>\u00a0<\/p>\n<p>\u00a0<\/p>\n<h4>Academia MIT<\/h4>\n<p>\u00a0<\/p>\n<p>\u00a0<\/p>\n<p><img decoding=\"async\" src=\"https:\/\/corporacionmatrix.net\/wp-content\/uploads\/2021\/01\/La-Rotonda.jpg\" \/><\/p>\n<h4 style=\"display: inline !important;\">Inmobiliaria Rotonda<\/h4>\n<p>\u00a0<\/p>\n<p>\u00a0<\/p>\n<p><img decoding=\"async\" src=\"https:\/\/corporacionmatrix.net\/wp-content\/uploads\/2021\/01\/Grupo-Verona-1.jpg\" \/><\/p>\n<h4 style=\"display: inline !important;\">Grupo Verona<\/h4>\n<p>\u00a0<\/p>\n<p>\u00a0<\/p>\n<p><img decoding=\"async\" src=\"https:\/\/corporacionmatrix.net\/wp-content\/uploads\/2021\/01\/Caddin-1.jpg\" \/><\/p>\n<h4 style=\"display: inline !important;\">Caddin<\/h4>\n<p>\u00a0<\/p>\n<p>\u00a0<\/p>\n","protected":false},"excerpt":{"rendered":"<p>\u00a0 Portfolio Nuestra Mejor Recomendaci\u00f3n &amp; respaldo a Nuestro Trabajo es la Satisfacci\u00f3n de Nuestros Clientes. Nuestros m\u00e1s de 20 A\u00f1os de Experiencia en el Mercado Digital &amp; Virtual, son Nuestra Mayor Garant\u00eda. Su Proyecto esta en BuenasManos de los Mejores Profesionales listos para Brindarle un Excelente Servicio y Soporte en todo momento que usted&hellip; <br \/> <a class=\"button small blue\" href=\"https:\/\/corporacionmatrix.net\/?page_id=2231\">Leer m\u00e1s<\/a><\/p>\n","protected":false},"author":1,"featured_media":0,"parent":0,"menu_order":0,"comment_status":"closed","ping_status":"closed","template":"","meta":{"footnotes":""},"class_list":["post-2231","page","type-page","status-publish","hentry"],"_links":{"self":[{"href":"https:\/\/corporacionmatrix.net\/index.php?rest_route=\/wp\/v2\/pages\/2231","targetHints":{"allow":["GET"]}}],"collection":[{"href":"https:\/\/corporacionmatrix.net\/index.php?rest_route=\/wp\/v2\/pages"}],"about":[{"href":"https:\/\/corporacionmatrix.net\/index.php?rest_route=\/wp\/v2\/types\/page"}],"author":[{"embeddable":true,"href":"https:\/\/corporacionmatrix.net\/index.php?rest_route=\/wp\/v2\/users\/1"}],"replies":[{"embeddable":true,"href":"https:\/\/corporacionmatrix.net\/index.php?rest_route=%2Fwp%2Fv2%2Fcomments&post=2231"}],"version-history":[{"count":23,"href":"https:\/\/corporacionmatrix.net\/index.php?rest_route=\/wp\/v2\/pages\/2231\/revisions"}],"predecessor-version":[{"id":2816,"href":"https:\/\/corporacionmatrix.net\/index.php?rest_route=\/wp\/v2\/pages\/2231\/revisions\/2816"}],"wp:attachment":[{"href":"https:\/\/corporacionmatrix.net\/index.php?rest_route=%2Fwp%2Fv2%2Fmedia&parent=2231"}],"curies":[{"name":"wp","href":"https:\/\/api.w.org\/{rel}","templated":true}]}}