{"id":2711,"date":"2021-09-13T20:52:51","date_gmt":"2021-09-13T20:52:51","guid":{"rendered":"https:\/\/corporacionmatrix.net\/?page_id=2711"},"modified":"2024-05-30T21:20:06","modified_gmt":"2024-05-30T21:20:06","slug":"one-page-express","status":"publish","type":"page","link":"https:\/\/corporacionmatrix.net\/","title":{"rendered":"Front Page"},"content":{"rendered":"<div  id=\"overlapable-2\" style=\"background-color: #ffffff;\" data-label=\"Overlapable\" data-id=\"stripped-coloured-icon-boxes\" data-category=\"overlapable\" class=\"features-coloured-icon-boxes-section\" data-overlap=\"true\"> <div  class=\"gridContainer\"> <div  class=\"features-coloured-icon-boxes-innerrow flexbox-list dark-text\" data-type=\"row\"> <div  class=\"features-coloured-icon-boxes-featurecol cp3cols\"> <div  class=\"features-coloured-icon-boxes-iconcontainer\" data-content-item-container=\"true\"> <i  data-cp-fa=\"true\" class=\"features-coloured-icon fa fa-edge\"><\/i> <\/div> <h4  class=\"\">DISE\u00d1O &amp; ALOJAMIENTO WEB<\/h4> <p  class=\"\">Dise\u00f1amos la Imagen Corporativa de tu Empresa, para Triunfar en el Mundo de los Negocios Digitales, con una adecuada Campa\u00f1a de Marketing<\/p> <a class=\"features-coloured-button\" href=\"#\" target=\"_self\" rel=\"noopener\">LEER M\u00c1S<\/a> <\/div> <div  class=\"features-coloured-icon-boxes-featurecol cp3cols\"> <div  class=\"features-coloured-icon-boxes-iconcontainer\" data-content-item-container=\"true\"> <i  data-cp-fa=\"true\" class=\"features-coloured-icon fa fa-facebook-square\"><\/i> <\/div> <h4  class=\"\">PUBLICIDAD EN REDES SOCIALES &amp; GOOGLE ADS<\/h4> <p  class=\"\">Creamos Campa\u00f1as Publicitarias en Redes, Enfocadas a Maximizar la Inversi\u00f3n en Publicidad Digital de tu Marca o Servicio<\/p> <a class=\"features-coloured-button\" href=\"#\" target=\"_self\" rel=\"noopener\">LEER M\u00c1S<\/a> <\/div> <div  class=\"features-coloured-icon-boxes-featurecol cp3cols\"> <div  class=\"features-coloured-icon-boxes-iconcontainer\" data-content-item-container=\"true\"> <i  data-cp-fa=\"true\" class=\"features-coloured-icon fa fa-group\"><\/i> <\/div> <h4  class=\"\">SERVICIOS DE COMMUNITY MANAGER<\/h4> <p  class=\"\">Nos encargamos del Manejo y Gesti\u00f3n de tus Redes Sociales y Anuncios en Google con el Objetivo de Posicionar tu Imagen, Marca \u00f3 Servicio.<\/p> <a class=\"features-coloured-button\" href=\"#\" target=\"_self\" rel=\"noopener\">LEER M\u00c1S<\/a> <\/div> <div  class=\"features-coloured-icon-boxes-featurecol cp3cols\"> <div  class=\"features-coloured-icon-boxes-iconcontainer\" data-content-item-container=\"true\"> <i  data-cp-fa=\"true\" class=\"features-coloured-icon fa fa-laptop\"><\/i> <\/div> <h4  class=\"\">DISE\u00d1AMOS E IMPULSAMOS TU TIENDA ONLINE<\/h4> <p  class=\"\">Dise\u00f1amos y nos encargamos de impulsar tu tienda online, con la creaci\u00f3n de anuncios efectivos, aplicando t\u00e9cnicas de Neuromarketing&nbsp;&nbsp;<\/p> <a class=\"features-coloured-button\" href=\"#\" target=\"_self\" rel=\"noopener\">LEER M\u00c1S<\/a> <\/div> <\/div> <\/div><\/div><div  id=\"about-1\" style=\"background-color: #f6f6f6;\" data-label=\"About\" data-id=\"about-big-images-section\" data-category=\"about\" class=\"about-big-images-section\"> <div  class=\"gridContainer\"> <div  class=\"about-big-images-textrow\"> <div  class=\"about-big-images-textcol dynamic-color\" data-type=\"column\"> <h5  class=\"\">SOMOS CORPORACI\u00d3N MATRIXNET<\/h5> <h3  class=\"\">20 A\u00f1os Dise\u00f1ando la Imagen de las Empresas a Nivel Internacional<\/h3> <p  class=\"\">Corporaci\u00f3n MatrixNet est\u00e1 clasificado en el 1% del ranking de las agencias de marketing digital. Combinando rendimiento con un servicio al cliente excepcional, nuestros especialistas en PPC se encuentran entre los mejores de la industria con un historial de crecimiento de negocios exitosos.\n<br >Nuestross clientes son de diversas partes del mundo, gracias a nuestra experiencia y excelente trabajo profesional. Nuestros programadores y colaboradores son de alto nivel profesional y amplia experiencia en el mundo de los negocios digitales, de esta manera garantizamos la calidad de nuestro trabajo.<\/p>  <\/div> <\/div> <\/div> <div  class=\"about-big-images-bottomrow\"> <div  class=\"about-big-images-leftimgcol\"><img  decoding=\"async\" class=\"about-big-images-leftimg\" src=\"https:\/\/corporacionmatrix.net\/wp-content\/uploads\/2021\/01\/avatar-2.jpg\" alt=\"\"> <\/div> <div  class=\"about-big-images-centerimgcol\"><img  decoding=\"async\" class=\"about-big-images-centerimg\" src=\"https:\/\/corporacionmatrix.net\/wp-content\/uploads\/2021\/09\/Portada-Pagina-2.jpg\" alt=\"\"> <\/div> <div  class=\"about-big-images-rightimgcol\"><img  decoding=\"async\" class=\"about-big-images-rightimg\" src=\"https:\/\/corporacionmatrix.net\/wp-content\/uploads\/2021\/08\/Oficinas.jpg\" alt=\"\"> <\/div> <\/div> <\/div><div  id=\"content-3\" style=\"background-color: #ffffff;\" data-label=\"Content\" data-id=\"content-image-left\" data-category=\"content\" class=\"content-left-image-section\"> <div  class=\"gridContainer\"> <div  class=\"row\"> <div  class=\"content-left-image-imgcol\" data-type=\"column\"> <img  decoding=\"async\" src=\"https:\/\/corporacionmatrix.net\/wp-content\/uploads\/2021\/09\/Drive-more-organic-traffic.png\" class=\"\" alt=\"\"> <h2  class=\"\"><span  style=\"font-weight: 900; font-size: 4.125rem; margin-right: 0.8125rem; line-height: 1; padding-right: 0.5rem; color: rgb(47, 117, 84); font-family: &quot;Proxima Nova&quot;, -apple-system, BlinkMacSystemFont, &quot;Segoe UI&quot;, &quot;Helvetica Neue&quot;, Arial, &quot;Noto Sans&quot;, sans-serif, &quot;Apple Color Emoji&quot;, &quot;Segoe UI Emoji&quot;, &quot;Segoe UI Symbol&quot;, &quot;Noto Color Emoji&quot;; text-align: left;\">300%<\/span><p  style=\"margin-bottom: 0.1875rem; color: rgb(47, 117, 84); font-family: &quot;Proxima Nova&quot;, -apple-system, BlinkMacSystemFont, &quot;Segoe UI&quot;, &quot;Helvetica Neue&quot;, Arial, &quot;Noto Sans&quot;, sans-serif, &quot;Apple Color Emoji&quot;, &quot;Segoe UI Emoji&quot;, &quot;Segoe UI Symbol&quot;, &quot;Noto Color Emoji&quot;; font-size: 24.5px; text-align: left;\"><font  style=\"vertical-align: inherit;\">La mayor\u00eda de nuestras campa\u00f1as de SEO triplican su tr\u00e1fico en 6 meses.<\/font><\/p><\/h2><\/div> <div  class=\"content-left-image-textcol dynamic-color\" data-type=\"column\"> <h2  class=\"\">Dirija m\u00e1s tr\u00e1fico org\u00e1nico a su sitio web&nbsp;<\/h2> <p  class=\"large_text\"> Obtenga tr\u00e1fico m\u00e1s calificado sobre los t\u00e9rminos de b\u00fasqueda m\u00e1s importantes para su empresa. Logramos resultados medibles trabajando en cada variable que impacta en las SERP. \n<br >Conf\u00ede en nuestro historial probado para maximizar su visibilidad en internet. Configure su negocio para el \u00e9xito a largo plazo. \n<br >Aplicamos NeuroMarketing en todo nuestro trabajo, nos aseguramos que su sitio web logre el impacto deseado para atraer a sus clientes potenciales.<\/p>  <\/div> <\/div> <\/div> <\/div><div  id=\"content-4\" style=\"background-color: #f6f6f6;\" data-label=\"Content\" data-id=\"content-image-right\" data-category=\"content\" class=\"content-right-image-section\"> <div  class=\"gridContainer\"> <div  class=\"content-right-image-gridcol\"> <div  class=\"content-right-image-textcol dynamic-color\" data-type=\"column\"> <h2  class=\"\">Obtenga un atractivo sitio web que gane clientes<\/h2> <p  class=\"large_text\"> Mejore su negocio con un sitio web confiable que encantar\u00e1 a sus clientes. Nuestros galardonados dise\u00f1adores de sitios web representar\u00e1n su marca de la mejor manera posible. Su sitio web se cargar\u00e1 extremadamente r\u00e1pido y se ver\u00e1 genial en todos los dispositivos. <\/p>  <h2  class=\"\"><\/h2><h2  class=\"\" style=\"line-height: 53.46px; outline: rgb(204, 204, 204) solid 1px; text-align: center;\"><span  style=\"margin-right: 0.8125rem; padding-right: 0.5rem; font-size: 4.125rem; font-family: &quot;Proxima Nova&quot;, -apple-system, BlinkMacSystemFont, &quot;Segoe UI&quot;, &quot;Helvetica Neue&quot;, Arial, &quot;Noto Sans&quot;, sans-serif, &quot;Apple Color Emoji&quot;, &quot;Segoe UI Emoji&quot;, &quot;Segoe UI Symbol&quot;, &quot;Noto Color Emoji&quot;; font-weight: 900; line-height: 1; color: rgb(47, 117, 84); text-align: left; background-color: rgb(255, 255, 255);\">1500+<\/span><p  style=\"margin-bottom: 0.1875rem; font-size: 24.5px; line-height: 36.75px; color: rgb(47, 117, 84); font-family: &quot;Proxima Nova&quot;, -apple-system, BlinkMacSystemFont, &quot;Segoe UI&quot;, &quot;Helvetica Neue&quot;, Arial, &quot;Noto Sans&quot;, sans-serif, &quot;Apple Color Emoji&quot;, &quot;Segoe UI Emoji&quot;, &quot;Segoe UI Symbol&quot;, &quot;Noto Color Emoji&quot;; text-align: left; background-color: rgb(255, 255, 255);\"><font  style=\"vertical-align: inherit;\">Sitios web exitosos lanzados por nuestro equipo desde 2000<\/font><\/p><\/h2><\/div> <div  class=\"content-right-image-imgcol\" data-type=\"column\"> <img  decoding=\"async\" src=\"https:\/\/corporacionmatrix.net\/wp-content\/uploads\/2021\/09\/contenido-creatividad-digital-webdesign-diseno-grafico-concepto-de-pagina-web-ec3267.jpg\" class=\"\" alt=\"\"> <\/div> <\/div> <\/div> <\/div><div  id=\"portfolio-2\" style=\"background-color: #ffffff;\" data-label=\"Portfolio\" data-id=\"portfolio-full-section\" data-category=\"portfolio\"> <div  class=\"portfolio-full-section\" data-type=\"row\"> <div  class=\"portfolio-full-projectco cp4cols cp4cols-tablet\"> <div  class=\"contentswap-effect ContentSwap103\" hover-fx=\"ContentSwap103\" id=\"ContentSwap103\"> <div  class=\"ContentSwap103_content initial-image\"><img  decoding=\"async\" class=\"portfolio-full-projectimg\" data-size=\"1200x800\" src=\"https:\/\/corporacionmatrix.net\/wp-content\/plugins\/one-page-express-companion\/theme-data\/one-page-express\/sections\/images\/project3.jpg\"> <\/div> <div  class=\"overlay\" style=\"display: block; opacity: 1;\"><\/div> <div  class=\"swap-inner\" style=\"opacity: 1; display: block;\"> <div  class=\"ContentSwap103-center\"> <h4  class=\"protfolio-full-itemtitle\">CREAMOS TU MARCA<\/h4><a class=\"button yellow\" href=\"#\" target=\"_self\" rel=\"noopener\">Leer M\u00e1s<\/a> <\/div> <\/div> <\/div> <\/div> <div  class=\"portfolio-full-projectco cp4cols cp4cols-tablet\"> <div  class=\"contentswap-effect ContentSwap103\" hover-fx=\"ContentSwap103\" id=\"ContentSwap103\" is-hovered=\"1\"> <div  class=\"ContentSwap103_content initial-image\"><img  decoding=\"async\" class=\"portfolio-full-projectimg\" data-size=\"1200x800\" src=\"https:\/\/corporacionmatrix.net\/wp-content\/plugins\/one-page-express-companion\/theme-data\/one-page-express\/sections\/images\/project1.jpg\"> <\/div> <div  class=\"overlay\" style=\"display: block; opacity: 1;\"><\/div> <div  class=\"swap-inner\" style=\"opacity: 1; display: block;\"> <div  class=\"ContentSwap103-center\"> <h4  class=\"protfolio-full-itemtitle\">TU TIENDA ONLINE<\/h4><a class=\"button yellow\" href=\"#\" target=\"_self\" rel=\"noopener\">LEER M\u00c1S<\/a> <\/div> <\/div> <\/div> <\/div> <div  class=\"portfolio-full-projectco cp4cols cp4cols-tablet\"> <div  class=\"contentswap-effect ContentSwap103\" hover-fx=\"ContentSwap103\" id=\"ContentSwap103\" is-hovered=\"1\"> <div  class=\"ContentSwap103_content initial-image\"><img  decoding=\"async\" class=\"portfolio-full-projectimg\" data-size=\"1200x800\" src=\"https:\/\/corporacionmatrix.net\/wp-content\/plugins\/one-page-express-companion\/theme-data\/one-page-express\/sections\/images\/project2.jpg\"> <\/div> <div  class=\"overlay\" style=\"display: block; opacity: 1;\"><\/div> <div  class=\"swap-inner\" style=\"opacity: 1; display: block;\"> <div  class=\"ContentSwap103-center\"> <h4  class=\"protfolio-full-itemtitle\">SEO Y PPC<\/h4><a class=\"button yellow\" href=\"#\" target=\"_self\" rel=\"noopener\">LEER M\u00c1S<\/a> <\/div> <\/div> <\/div> <\/div><\/div><\/div><div  id=\"testimonials-1\" style=\"background-color: #f6f6f6;\" data-label=\"Testimonials\" data-id=\"testimonials-boxed-section\" data-category=\"testimonials\" class=\"testimonials-boxed-section\"> <div  class=\"gridContainer\"> <div  class=\"testimonials-boxed-textcol dynamic-color\" data-type=\"column\"> <h2  class=\"\">Nuestros Clientes<\/h2> <p  class=\"\">Nuestras mejores pr\u00e1cticas digitales junto con nuestra tecnolog\u00eda interna ayudan a nuestros clientes a superar sus objetivos. Adoptamos lo nuevo e inesperado para ayudarlo a resolver sus dif\u00edciles desaf\u00edos de marketing.\n<br ><br >Nuestros Clientes desde el primer a\u00f1o crecen un 85% en promedio. \u00a1Vea algunas de nuestras historias de \u00e9xito favoritas o solicite un an\u00e1lisis de cuenta para descubrir qu\u00e9 resultados podemos generar para usted!<\/p> <\/div> <div  class=\"testimonials-boxed-itemsrow dark-text\" data-type=\"row\"> <div  class=\"testimonials-boxed-itemcol cp4cols cp6cols-tablet\"> <div  class=\"testimonials-boxed-itemcard\" data-type=\"column\"> <h4  class=\"testimonials-boxed-itemtext\">\u201cLos resultados sobresalientes superaron incluso nuestros objetivos m\u00e1s ambiciosos. El equipo de PubliGreat pudo sumergirse realmente en nuestra marca, comprenderla y usarla de manera inteligente en ambas tiendas de aplicaciones. Esto result\u00f3 en un incre\u00edble crecimiento\u201d<\/h4><img  decoding=\"async\" class=\"testimonials-boxed-itemimg\" data-size=\"500x500\" src=\"https:\/\/corporacionmatrix.net\/wp-content\/uploads\/2021\/09\/cropped-1617486272501.jpg\" alt=\"\"> <h5  class=\"testimonials-boxed-itemname\">Elias Esau Bonilla<\/h5> <h6  class=\"testimonials-boxed-itempos\">CEO LANDSCAPING BHB<\/h6> <\/div> <\/div> <div  class=\"testimonials-boxed-itemcol cp4cols cp6cols-tablet\"> <div  class=\"testimonials-boxed-itemcard\" data-type=\"column\"> <h4  class=\"testimonials-boxed-itemtext\">\u201cEl historial comprobado de experiencia de Corporaci\u00f3n MatrixNet en ASO no solo nos ayud\u00f3 a lograr nuestros objetivos de optimizaci\u00f3n de la tienda de aplicaciones a corto plazo, sino que tambi\u00e9n nos ha posicionado para el \u00e9xito futuro a largo plazo\u201d<\/h4><img  decoding=\"async\" class=\"testimonials-boxed-itemimg\" data-size=\"500x500\" src=\"https:\/\/corporacionmatrix.net\/wp-content\/plugins\/one-page-express-companion\/theme-data\/one-page-express\/sections\/images\/face9.jpg\"> <h5  class=\"testimonials-boxed-itemname\">Darius Moravcik<\/h5> <h6  class=\"testimonials-boxed-itempos\">director de marketing ASO<\/h6> <\/div> <\/div> <div  class=\"testimonials-boxed-itemcol cp4cols cp6cols-tablet\"> <div  class=\"testimonials-boxed-itemcard\" data-type=\"column\"> <h4  class=\"testimonials-boxed-itemtext\">\u201cComo una gran empresa, apreciamos c\u00f3mo PubliGreat nos ayuda a continuar innovando y brindando soluciones t\u00e9cnicas para mantenernos a la vanguardia de la industria. La publicidad aplicando t\u00e9cnicas de NeuroMarketing es genial y 100% efectiva para maximizar nuesros clientes\u201d<\/h4><img  decoding=\"async\" class=\"testimonials-boxed-itemimg\" data-size=\"500x500\" src=\"https:\/\/corporacionmatrix.net\/wp-content\/plugins\/one-page-express-companion\/theme-data\/one-page-express\/sections\/images\/face7.jpg\"> <h5  class=\"testimonials-boxed-itemname\">Ezra Mosseri<\/h5> <h6  class=\"testimonials-boxed-itempos\">DIRECTOR DE CRECIMIENTO UBER<\/h6> <\/div> <\/div> <\/div> <\/div><\/div><div  id=\"cta-1\" data-label=\"Call to action\" data-id=\"cta-blue-section\" data-category=\"cta\" class=\"cta-blue-section\"> <div  class=\"gridContainer\"> <div  class=\"flexbox-list flexbox-list-align-center row\"> <div  class=\"cta-blue-textcol dynamic-color\"> <h2  class=\"cta-blue-text\">LLAME YA!: (747) 200-6231<\/h2> <\/div> <div  class=\"cta-blue-btncol\"> <a class=\"button big yellow dark-text\" href=\"https:\/\/corporacionmatrix.net?page_id=2542\" target=\"_self\" rel=\"noopener\"> FREE ADVICE <\/a> <\/div> <\/div> <\/div> <\/div><div  id=\"numbers\" data-label=\"Numbers\" data-id=\"numbers-section\" data-category=\"numbers\" data-bg=\"transparent\" class=\"numbers-section\" data-parallax-depth=\"20\" style=\"background-image: url(&quot;https:\/\/corporacionmatrix.net\/wp-content\/plugins\/one-page-express-companion\/theme-data\/one-page-express\/sections\/images\/Travel_through_New_York_wallpaper-1920x1200.jpg&quot;); background-size: auto 560px; background-repeat: no-repeat; background-position: center top 73.9063%;\"> <div  class=\"gridContainer dynamic-color\"> <div  class=\"numbers-itemcol\"> <h2  class=\"numbers-numbertext\">230<\/h2> <h3  class=\"numbers-titletext\">PROJECTS<\/h3> <\/div> <div  class=\"numbers-itemcol\"> <h2  class=\"numbers-numbertext\">75340<\/h2> <h3  class=\"numbers-titletext\">WORKED HOURS<\/h3> <\/div> <div  class=\"numbers-itemcol-last\"> <h2  class=\"numbers-numbertext\">25<\/h2> <h3  class=\"numbers-titletext\">EMPLOYEES<\/h3> <\/div> <\/div><\/div><div  id=\"contact-4\" data-label=\"Contact\" data-id=\"contact-section\" data-category=\"contact\" data-bg=\"transparent\" class=\"contact-section-formsection white-text\" style=\"background-image: url(&quot;https:\/\/corporacionmatrix.net\/wp-content\/plugins\/one-page-express-companion\/theme-data\/one-page-express\/sections\/images\/Travel_through_New_York_wallpaper-1920x1200.jpg&quot;); background-size: auto 560px; background-repeat: no-repeat; background-position: center top 76.5082%;\"> <div  class=\"gridContainer\"> <div  class=\"row_224\"> <div  class=\"contact-textrow\"> <div  class=\"contact-textcol dynamic-color\"> <h2  class=\"\">Say Hello<\/h2> <p  class=\"white_text\">Lorem ipsum dolor sit amet, consectetur adipisicing elit, sed do eiusmod tempor incididunt ut labore et dolore magna aliqua.<\/p> <\/div> <\/div> <\/div> <div  class=\"contact-formcol\" data-content-shortcode=\"one_page_express_contact_form\" data-editable=\"true\"><p style=\"text-align:center;color:#ababab\">Contact form will be displayed here. To activate it you have to click this area and set the shortcode parameter in Customizer.<\/p><\/div> <\/div><\/div><div  data-label=\"Team\" data-id=\"team-large-square-section\" data-category=\"team\" class=\"team-large-square-section\" id=\"team-2\" style=\"background-color: rgb(246, 246, 246);\"> <div  class=\"gridContainer\"> <div  class=\"team-large-square-textcol dynamic-color\" data-type=\"column\"> <h2  class=\"\">Nuestro Equipo<\/h2> <p  class=\"\">Los clientes acuden a Corporaci\u00f3n MatrixNet debido a nuestra reputaci\u00f3n de generar resultados con el marketing digital, pero se quedan debido a las profundas relaciones que sus gerentes de cuentas establecen con ellos y sus negocios.<\/p> <\/div> <div  class=\"team-large-square-innerrow dark-text\" data-type=\"row\"> <div  class=\"team-large-square-membercol cp4cols cp6cols-tablet\"> <div  class=\"team-large-square-membercard\"> <div  class=\"contentswap-effect ContentSwap102\" hover-fx=\"ContentSwap102\" id=\"ContentSwap102\" is-hovered=\"1\"> <div  class=\"ContentSwap102_content initial-image\"><img  decoding=\"async\" class=\"image13\" data-size=\"800x800\" src=\"https:\/\/corporacionmatrix.net\/wp-content\/uploads\/2021\/09\/cropped-foto-2.jpg\"> <\/div> <div  class=\"overlay\" style=\"display: block; opacity: 1;\"><\/div> <div  class=\"swap-inner\" style=\"opacity: 1; display: block;\"> <div  class=\"ContentSwap102-center\"> <a href=\"#\" target=\"_self\" data-reiki-hidden=\"true\" rel=\"noopener\"><i  data-cp-fa=\"true\" class=\"team-large-square-membericon fa fa-twitter\"><\/i><\/a> <a href=\"#\" target=\"_self\" data-reiki-hidden=\"true\" rel=\"noopener\"><i  data-cp-fa=\"true\" class=\"team-large-square-membericon fa fa-linkedin\"><\/i><\/a> <a href=\"#\" target=\"_self\" data-reiki-hidden=\"true\" rel=\"noopener\"><i  data-cp-fa=\"true\" class=\"team-large-square-membericon fa fa-dribbble\"><\/i><\/a> <\/div> <\/div> <\/div> <div  class=\"team-large-square-memberinfo\" data-type=\"column\"> <h3  class=\"team-large-square-membername\">JOSE VILLAR<\/h3> <h4  class=\"team-large-square-memberposition\">Fundador &amp; CEO<\/h4> <p  class=\"\">Como director ejecutivo, Jos\u00e9 ha liderado Corporaci\u00f3n MatrixNet a lo largo de su camino para convertirse en una agencia de marketing galardonada.&nbsp;<br ><br >Jos\u00e9 tiene m\u00e1s de 20 a\u00f1os de experiencia en liderazgo en la industria del marketing. <br >Jos\u00e9 es Licenciado en Ingenier\u00eda de Sistemas, adem\u00e1s es Doctorado en Neuromarketing<\/p> <\/div> <\/div> <\/div> <div  class=\"team-large-square-membercol cp4cols cp6cols-tablet\"> <div  class=\"team-large-square-membercard\"> <div  class=\"contentswap-effect ContentSwap102\" hover-fx=\"ContentSwap102\" id=\"ContentSwap102\" is-hovered=\"1\"> <div  class=\"ContentSwap102_content initial-image\"><img  decoding=\"async\" class=\"image13\" data-size=\"800x800\" src=\"https:\/\/corporacionmatrix.net\/wp-content\/uploads\/2021\/09\/cropped-1401702_10205319758732496_496916751510480949_o-1.jpg\"> <\/div> <div  class=\"overlay\" style=\"display: block; opacity: 1;\"><\/div> <div  class=\"swap-inner\" style=\"opacity: 1; display: block;\"> <div  class=\"ContentSwap102-center\"> <a href=\"#\" target=\"_self\" data-reiki-hidden=\"true\" rel=\"noopener\"><i  data-cp-fa=\"true\" class=\"team-large-square-membericon fa fa-twitter\"><\/i><\/a> <a href=\"#\" target=\"_self\" data-reiki-hidden=\"true\" rel=\"noopener\"><i  data-cp-fa=\"true\" class=\"team-large-square-membericon fa fa-linkedin\"><\/i><\/a> <a href=\"#\" target=\"_self\" data-reiki-hidden=\"true\" rel=\"noopener\"><i  data-cp-fa=\"true\" class=\"team-large-square-membericon fa fa-dribbble\"><\/i><\/a> <\/div> <\/div> <\/div> <div  class=\"team-large-square-memberinfo\" data-type=\"column\"> <h3  class=\"team-large-square-membername\">VICTOR LOZANO<\/h3> <h4  class=\"team-large-square-memberposition\">Co-Fundador &amp; CEO<\/h4> <p  class=\"\">Victor es responsable de las operaciones comerciales, incluidas las finanzas, la contabilidad y los recursos humanos.&nbsp;<br ><br >Victor actualmente forma parte de la junta directiva de Plawash \u2013 Asociaci\u00f3n de Abogados en Whasington DC. donde hace labores de servicio a la comunidad latina residente en los Estados Unidos.\n<\/p> <\/div> <\/div> <\/div> <div  class=\"team-large-square-membercol cp4cols cp6cols-tablet\"> <div  class=\"team-large-square-membercard\"> <div  class=\"contentswap-effect ContentSwap102\" hover-fx=\"ContentSwap102\" id=\"ContentSwap102\" is-hovered=\"1\"> <div  class=\"ContentSwap102_content initial-image\"><img  decoding=\"async\" class=\"image13\" data-size=\"800x800\" src=\"https:\/\/corporacionmatrix.net\/wp-content\/uploads\/2021\/09\/cropped-27332629_106603080159699_3097332178271947672_n.jpg\"> <\/div> <div  class=\"overlay\" style=\"display: block; opacity: 1;\"><\/div> <div  class=\"swap-inner\" style=\"opacity: 1; display: block;\"> <div  class=\"ContentSwap102-center\"> <a href=\"#\" target=\"_self\" data-reiki-hidden=\"true\" rel=\"noopener\"><i  data-cp-fa=\"true\" class=\"team-large-square-membericon fa fa-twitter\"><\/i><\/a> <a href=\"#\" target=\"_self\" data-reiki-hidden=\"true\" rel=\"noopener\"><i  data-cp-fa=\"true\" class=\"team-large-square-membericon fa fa-linkedin\"><\/i><\/a> <a href=\"#\" target=\"_self\" data-reiki-hidden=\"true\" rel=\"noopener\"><i  data-cp-fa=\"true\" class=\"team-large-square-membericon fa fa-dribbble\"><\/i><\/a> <\/div> <\/div> <\/div> <div  class=\"team-large-square-memberinfo\" data-type=\"column\"> <h3  class=\"team-large-square-membername\">KATIUSKA BEREZIN<\/h3> <h4  class=\"team-large-square-memberposition\">Directora de Talento<\/h4> <p  class=\"\">Como Directora Asociada de Talento, Stefanie supervisa todos los esfuerzos de contrataci\u00f3n en las oficinas de Corporaci\u00f3n MatrixNet. Tiene experiencia en el desarrollo de iniciativas de adquisici\u00f3n y retenci\u00f3n de talentos en la industria de tecnolog\u00eda de software. Katy&nbsp;pasa su tiempo fuera del trabajo viajando por el mundo, en busca de talento humano calificado para unirse a nuestro equipo.<\/p> <\/div> <\/div> <\/div> <\/div> <\/div><\/div>","protected":false},"excerpt":{"rendered":"<p>DISE\u00d1O &amp; ALOJAMIENTO WEB Dise\u00f1amos la Imagen Corporativa de tu Empresa, para Triunfar en el Mundo de los Negocios Digitales, con una adecuada Campa\u00f1a de Marketing LEER M\u00c1S PUBLICIDAD EN REDES SOCIALES &amp; GOOGLE ADS Creamos Campa\u00f1as Publicitarias en Redes, Enfocadas a Maximizar la Inversi\u00f3n en Publicidad Digital de tu Marca o Servicio LEER M\u00c1S&hellip; <br \/> <a class=\"button small blue\" href=\"https:\/\/corporacionmatrix.net\/\">Leer m\u00e1s<\/a><\/p>\n","protected":false},"author":1,"featured_media":0,"parent":0,"menu_order":0,"comment_status":"closed","ping_status":"closed","template":"","meta":{"footnotes":""},"class_list":["post-2711","page","type-page","status-publish","hentry"],"_links":{"self":[{"href":"https:\/\/corporacionmatrix.net\/index.php?rest_route=\/wp\/v2\/pages\/2711","targetHints":{"allow":["GET"]}}],"collection":[{"href":"https:\/\/corporacionmatrix.net\/index.php?rest_route=\/wp\/v2\/pages"}],"about":[{"href":"https:\/\/corporacionmatrix.net\/index.php?rest_route=\/wp\/v2\/types\/page"}],"author":[{"embeddable":true,"href":"https:\/\/corporacionmatrix.net\/index.php?rest_route=\/wp\/v2\/users\/1"}],"replies":[{"embeddable":true,"href":"https:\/\/corporacionmatrix.net\/index.php?rest_route=%2Fwp%2Fv2%2Fcomments&post=2711"}],"version-history":[{"count":39,"href":"https:\/\/corporacionmatrix.net\/index.php?rest_route=\/wp\/v2\/pages\/2711\/revisions"}],"predecessor-version":[{"id":3029,"href":"https:\/\/corporacionmatrix.net\/index.php?rest_route=\/wp\/v2\/pages\/2711\/revisions\/3029"}],"wp:attachment":[{"href":"https:\/\/corporacionmatrix.net\/index.php?rest_route=%2Fwp%2Fv2%2Fmedia&parent=2711"}],"curies":[{"name":"wp","href":"https:\/\/api.w.org\/{rel}","templated":true}]}}